{"id":17759,"date":"2018-10-31T17:14:51","date_gmt":"2018-10-31T16:14:51","guid":{"rendered":"http:\/\/s505328592.onlinehome.fr\/?post_type=product&#038;p=17759"},"modified":"2020-08-07T17:44:35","modified_gmt":"2020-08-07T15:44:35","slug":"stellar-m-2","status":"publish","type":"product","link":"https:\/\/www.arcsolu.com\/index.php\/product\/stellar-m-2\/","title":{"rendered":"STELLAR M@"},"content":{"rendered":"<h5>\u00c9TIQUETTE \u00c9LECTRONIQUE DE GONDOLE<\/h5>\n<h2 style=\"font-style: inherit\">STELLAR\u00a0EPD GRAPHIC<\/h2>\n<p style=\"font-style: inherit\">\u00c9cran \u00e0 matrice de points pour un affichage flexible alphanum\u00e9rique ou graphique, avec des mod\u00e8les personnalisables.<\/p>\n<p style=\"font-style: inherit\">Prise en charge multilingue.<\/p>\n<p style=\"font-style: inherit\">Interactions entre le commerce en ligne et le magasin physique \u00e0 l\u2019aide de codes-barres et de codes QR, pour une meilleure exp\u00e9rience d\u2019achat.<\/p>\n<p style=\"font-style: inherit\">Voyant DEL clignotant trois couleurs pour rappeler l\u2019\u00e9tat des stocks, les promotions, la date de p\u00e9remption, etc.<\/p>\n<p style=\"font-style: inherit\">D\u00e9filement multipage pour afficher plus d\u2019informations produits.<\/p>\n<p style=\"font-style: inherit\">Code-barres frontal pour un meilleur \u00e9change d\u2019informations avec les op\u00e9rateurs.<\/p>\n<table width=\"572\">\n<tbody>\n<tr>\n<td><strong>Caract\u00e9ristiques techniques<\/strong><\/td>\n<td><strong>Dimensions :<\/strong>\u00a070 x 35 x 13.2 mm<br \/>\n<strong>Poids :<\/strong>\u00a036g<br \/>\n<strong>Temp\u00e9rature :<\/strong>\u00a0entre +0 \u00b0C et +30 \u00b0C<br \/>\n<strong>Vitesse de mise \u00e0 jour :<\/strong>\u00a0jusqu\u2019\u00e0 18 000 \u00e9tiquettes par heure<\/td>\n<\/tr>\n<tr>\n<td><strong>Display<\/strong><\/td>\n<td><strong>Technologie d\u2019affichage :<\/strong>\u00a0encre \u00e9lectronique bistable graphique, noir\/blanc\/rouge<br \/>\n<strong>Taille de l\u2019\u00e9cran :\u00a0<\/strong>2.13\u2033<\/td>\n<\/tr>\n<tr>\n<td><strong>Pile<\/strong><\/td>\n<td><strong>Pile :<\/strong>\u00a02 x Cr2450 = 1100 mAh<br \/>\n<strong>Autonomie :<\/strong>\u00a05 ans (4 mises \u00e0 jour par jour)<\/td>\n<\/tr>\n<tr>\n<td><strong>Sp\u00e9cial<\/strong><\/td>\n<td>Technologie NFC sp\u00e9ciale sur demande<\/td>\n<\/tr>\n<\/tbody>\n<\/table>\n","protected":false},"excerpt":{"rendered":"<p style=\"text-align: center\"><strong>\u00c9TIQUETTE \u00c9LECTRONIQUE DE GONDOLE<\/strong><\/p>\n<p style=\"text-align: center\">Un maximum d\u2019informations en un minimum d\u2019espace.<\/p>\n<p style=\"text-align: center\">Id\u00e9al pour les accessoires, produits pharmaceutiques, parfums, produits d\u2019hygi\u00e8ne, produits de beaut\u00e9, etc.<\/p>\n","protected":false},"featured_media":18004,"comment_status":"open","ping_status":"closed","template":"","meta":[],"_links":{"self":[{"href":"https:\/\/www.arcsolu.com\/index.php\/wp-json\/wp\/v2\/product\/17759"}],"collection":[{"href":"https:\/\/www.arcsolu.com\/index.php\/wp-json\/wp\/v2\/product"}],"about":[{"href":"https:\/\/www.arcsolu.com\/index.php\/wp-json\/wp\/v2\/types\/product"}],"replies":[{"embeddable":true,"href":"https:\/\/www.arcsolu.com\/index.php\/wp-json\/wp\/v2\/comments?post=17759"}],"wp:featuredmedia":[{"embeddable":true,"href":"https:\/\/www.arcsolu.com\/index.php\/wp-json\/wp\/v2\/media\/18004"}],"wp:attachment":[{"href":"https:\/\/www.arcsolu.com\/index.php\/wp-json\/wp\/v2\/media?parent=17759"}],"curies":[{"name":"wp","href":"https:\/\/api.w.org\/{rel}","templated":true}]}}