{"id":17754,"date":"2018-10-31T17:02:54","date_gmt":"2018-10-31T16:02:54","guid":{"rendered":"http:\/\/s505328592.onlinehome.fr\/?post_type=product&#038;p=17754"},"modified":"2020-08-07T17:47:41","modified_gmt":"2020-08-07T15:47:41","slug":"stellar-xl","status":"publish","type":"product","link":"https:\/\/www.arcsolu.com\/index.php\/product\/stellar-xl\/","title":{"rendered":"STELLAR XL@"},"content":{"rendered":"<h5>\u00c9TIQUETTE \u00c9LECTRONIQUE DE GONDOLE<\/h5>\n<h2 style=\"font-style: inherit\">STELLAR\u00a0EPD GRAPHIC<\/h2>\n<p style=\"font-style: inherit\">\u00c9cran \u00e0 matrice de points pour un affichage flexible alphanum\u00e9rique ou graphique, avec des mod\u00e8les personnalisables.<\/p>\n<p style=\"font-style: inherit\">Prise en charge multilingue.<\/p>\n<p style=\"font-style: inherit\">Interactions entre le commerce en ligne et le magasin physique \u00e0 l\u2019aide de codes-barres et de codes QR, pour une meilleure exp\u00e9rience d\u2019achat.<\/p>\n<p style=\"font-style: inherit\">Voyant DEL clignotant trois couleurs pour rappeler l\u2019\u00e9tat des stocks, les promotions, la date de p\u00e9remption, etc.<\/p>\n<p style=\"font-style: inherit\">D\u00e9filement multipage pour afficher plus d\u2019informations produits.<\/p>\n<p style=\"font-style: inherit\">Code-barres frontal pour un meilleur \u00e9change d\u2019informations avec les op\u00e9rateurs.<\/p>\n<table width=\"572\">\n<tbody>\n<tr>\n<td><strong>Caract\u00e9ristiques techniques<\/strong><\/td>\n<td><strong>Dimensions :<\/strong>\u00a0104.8 x 94 x 11.8 mm<br \/>\n<strong>Poids :<\/strong>\u00a0110g<br \/>\n<strong>Temp\u00e9rature :<\/strong>\u00a0entre +0 \u00b0C et +30 \u00b0C<br \/>\n<strong>Vitesse de mise \u00e0 jour :<\/strong>\u00a0jusqu\u2019\u00e0 18 000 \u00e9tiquettes par heure<\/td>\n<\/tr>\n<tr>\n<td><strong>Display<\/strong><\/td>\n<td><strong>Technologie d\u2019affichage :<\/strong>\u00a0encre \u00e9lectronique bistable graphique, noir\/blanc\/rouge<br \/>\n<strong>Taille de l\u2019\u00e9cran :\u00a0<\/strong>4.2\u2033<\/td>\n<\/tr>\n<tr>\n<td><strong>Pile<\/strong><\/td>\n<td><strong>Pile :<\/strong>\u00a04 x Cr2450 = 2200 mAh<br \/>\n<strong>Autonomie :<\/strong>\u00a05 ans (4 mises \u00e0 jour par jour)<\/td>\n<\/tr>\n<tr>\n<td><strong>Sp\u00e9cial<\/strong><\/td>\n<td>Technologie NFC sp\u00e9ciale sur demande<\/td>\n<\/tr>\n<\/tbody>\n<\/table>\n","protected":false},"excerpt":{"rendered":"<p style=\"text-align: center\"><strong>\u00c9TIQUETTE \u00c9LECTRONIQUE DE GONDOLE<\/strong><\/p>\n<p style=\"text-align: center\">L\u2019alliance d\u2019une haute d\u00e9finition et d\u2019une grande taille d\u2019\u00e9cran pour une excellente visibilit\u00e9.<\/p>\n<p style=\"font-style: inherit;text-align: center\">Id\u00e9al pour les stands, le rayon fruits et l\u00e9gumes et le rayon \u00e9lectrom\u00e9nager.<\/p>\n<p style=\"font-style: inherit;text-align: center\">Affichage du prix, du code QR, du code-barres et de messages sur un seul \u00e9cran.<\/p>\n","protected":false},"featured_media":18006,"comment_status":"open","ping_status":"closed","template":"","meta":[],"_links":{"self":[{"href":"https:\/\/www.arcsolu.com\/index.php\/wp-json\/wp\/v2\/product\/17754"}],"collection":[{"href":"https:\/\/www.arcsolu.com\/index.php\/wp-json\/wp\/v2\/product"}],"about":[{"href":"https:\/\/www.arcsolu.com\/index.php\/wp-json\/wp\/v2\/types\/product"}],"replies":[{"embeddable":true,"href":"https:\/\/www.arcsolu.com\/index.php\/wp-json\/wp\/v2\/comments?post=17754"}],"wp:featuredmedia":[{"embeddable":true,"href":"https:\/\/www.arcsolu.com\/index.php\/wp-json\/wp\/v2\/media\/18006"}],"wp:attachment":[{"href":"https:\/\/www.arcsolu.com\/index.php\/wp-json\/wp\/v2\/media?parent=17754"}],"curies":[{"name":"wp","href":"https:\/\/api.w.org\/{rel}","templated":true}]}}