{"id":17663,"date":"2018-10-19T16:54:21","date_gmt":"2018-10-19T14:54:21","guid":{"rendered":"http:\/\/s505328592.onlinehome.fr\/?post_type=product&#038;p=17663"},"modified":"2020-08-03T17:33:22","modified_gmt":"2020-08-03T15:33:22","slug":"classic-detail","status":"publish","type":"product","link":"https:\/\/www.arcsolu.com\/index.php\/product\/classic-detail\/","title":{"rendered":"CLASSIC (detail)"},"content":{"rendered":"<ul>\n<li>\n<p style=\"text-align: left\"><strong>VENTAP<\/strong> s<span style=\"color: #808080\">olution d\u2019encaissement tout-en-un porte la certification NF525. Vous pouvez encaisser vos clients en 100% s\u00e9curit\u00e9 et d\u2019une utilisation absolument simple. En \u00e9quipant ce logiciel, vous r\u00e9alisez la gestion des commandes, la gestion des articles, la gestion des statistiques, la gestion du syst\u00e8me et la gestion du personnel sans aucun soucis. Ce logiciel est conforme aux nouvelles r\u00e8glementations financi\u00e8res qui seront en vigueur \u00e0 partir du 1 janvier 2018.<\/span><\/p>\n<p>&nbsp;<\/p>\n<p style=\"text-align: left\"><span style=\"color: #808080\">VENTAP 1.0 solution d\u2019encaissement tout-en-un est la derni\u00e8re g\u00e9n\u00e9ration de produit \u00e9tudi\u00e9e et cr\u00e9\u00e9e par<\/span> <strong>ARCSOLU<\/strong>. <span style=\"color: #808080\">Ce syst\u00e8me d\u2019encaissement porte la certification de NF525 et r\u00e9pond aux nouvelles normes fiscales. Design \u00e9l\u00e9gant et d\u2019utilisation simple, ce TPV vous permet de g\u00e9rer les commandes et les encaissements \u00e0 l\u2019aise. Il comprends aussi des fonctions de management riches et puissantes: Mode \u00e9cole, statistiques journali\u00e8res, mensuelles et annuelles, gestion des articles, gestion d\u2019acc\u00e8s du personnel, gestion des tva ect.<\/span><\/p>\n<p>&nbsp;<\/p>\n<ul>\n<li style=\"text-align: left\">Afficheur client lumineux et tr\u00e8s lisible<\/li>\n<li style=\"text-align: left\">Basse consommation de puissance,\u00a0\u00e9conomie d\u2019\u00e9nergie,<\/li>\n<li style=\"text-align: left\">Imprimante ticket int\u00e9gr\u00e9e avec module changeable<\/li>\n<li style=\"text-align: left\">\u00c9cran tactile sensible\u00a0\u00e0\u00a0haute d\u00e9finition<\/li>\n<li style=\"text-align: left\">Option d\u2019impression de ticket de cuisine<\/li>\n<li style=\"text-align: left\">Gestion de livraison<\/li>\n<li style=\"text-align: left\">Option de sauvegarde des donn\u00e9es sous service Cloud<\/li>\n<li style=\"text-align: left\">Version bilingue (fran\u00e7ais, chinois)<\/li>\n<\/ul>\n<p style=\"text-align: left\">\n<\/li>\n<\/ul>\n","protected":false},"excerpt":{"rendered":"<p style=\"text-align: left\"><span style=\"color: #808080\">Nous offrons des options<\/span> &#8216;<strong>CLASSIC<\/strong>&#8216; <span style=\"color: #808080\">pour votre Magasin de d\u00e9tail, <\/span><\/p>\n<p style=\"text-align: left\"><span style=\"color: #808080\">vous pouvez choisir<\/span>&#8216; <strong>NEO<\/strong> &#8216;<span style=\"color: #808080\">ou<\/span>&#8216; <strong>LUX<\/strong> &#8216;<\/p>\n<p style=\"text-align: left\"><span style=\"color: #808080\">en fonction de la taille de votre Magasin de d\u00e9tail, <\/span><\/p>\n<p style=\"text-align: left\"><span style=\"color: #808080\">y compris un Caisse enregistreuse intelligente, un Imprimante\u00a0Ticket et un Afficheur client.<\/span><\/p>\n<p>Vous pouvez ajouter autre Lecteur code-barres \u00e0 main.<\/p>\n","protected":false},"featured_media":17966,"comment_status":"open","ping_status":"closed","template":"","meta":[],"_links":{"self":[{"href":"https:\/\/www.arcsolu.com\/index.php\/wp-json\/wp\/v2\/product\/17663"}],"collection":[{"href":"https:\/\/www.arcsolu.com\/index.php\/wp-json\/wp\/v2\/product"}],"about":[{"href":"https:\/\/www.arcsolu.com\/index.php\/wp-json\/wp\/v2\/types\/product"}],"replies":[{"embeddable":true,"href":"https:\/\/www.arcsolu.com\/index.php\/wp-json\/wp\/v2\/comments?post=17663"}],"wp:featuredmedia":[{"embeddable":true,"href":"https:\/\/www.arcsolu.com\/index.php\/wp-json\/wp\/v2\/media\/17966"}],"wp:attachment":[{"href":"https:\/\/www.arcsolu.com\/index.php\/wp-json\/wp\/v2\/media?parent=17663"}],"curies":[{"name":"wp","href":"https:\/\/api.w.org\/{rel}","templated":true}]}}