{"id":17626,"date":"2018-10-17T14:52:03","date_gmt":"2018-10-17T12:52:03","guid":{"rendered":"http:\/\/s505328592.onlinehome.fr\/?post_type=product&#038;p=17626"},"modified":"2018-12-07T11:58:01","modified_gmt":"2018-12-07T10:58:01","slug":"ecran-tactile","status":"publish","type":"product","link":"https:\/\/www.arcsolu.com\/index.php\/product\/ecran-tactile\/","title":{"rendered":"Ecran Tactile"},"content":{"rendered":"<p>Le moniteur 15&#8243; tactile Multi-touch ProLite T1532MSC-B3AG est bas\u00e9\u00a0sur la technologie appel\u00e9e &#8220;capacitif projet\u00e9&#8221;, qui lui garantit une longue vie, gr\u00e2ce\u00a0\u00e0\u00a0sa dalle de protection recouvrant l&#8217;\u00e9cran, en le prot\u00e9geant des coups tout en permettant un affichage tr\u00e8s performant. Un pied stable et solide supporte ce moniteur et lui assure une inclinaison r\u00e9glable jusqu&#8217;\u00e0\u00a090\u00b0. Les boutons de r\u00e9glage sont accessibles sur le c\u00f4t\u00e9du moniteur et peuvent\u00a0\u00eatre bloqu\u00e9s, afin d&#8217;\u00e9viter toute man\u0153uvre malheureuse, mais permettent\u00a0\u00e9galement de d\u00e9valider la fonction tactile, le temps du nettoyage de l&#8217;\u00e9cran. L&#8217;addition du design sans bords ext\u00e9rieurs avec les performances de luminosit\u00e9\u00a0permettront un affichage parfait avec des couleurs claires et\u00a0\u00e9clatantes.<\/p>\n<p>&nbsp;<\/p>\n<p>Sp\u00e9cifications:<\/p>\n<p>Ecran: Diagonale 15\u2019\u2019; 38 cm<\/p>\n<p>Surface de travail: 228*304mm;9\u2019\u2019*12\u2019\u2019<\/p>\n<p>R\u00e9solutio native: 1024*768<\/p>\n<p>Ports et connecteurs:<\/p>\n<p>Entr\u00e9e analogique: VCA<\/p>\n<p>Entr\u00e9e digitale: DVI<\/p>\n<p>Contr\u00f4les: USB (tactile)<\/p>\n<p>&nbsp;<\/p>\n","protected":false},"excerpt":{"rendered":"<p>Le moniteur 15&#8243; tactile Multi-touch Pro&#8230;<\/p>\n","protected":false},"featured_media":17627,"comment_status":"open","ping_status":"closed","template":"","meta":[],"_links":{"self":[{"href":"https:\/\/www.arcsolu.com\/index.php\/wp-json\/wp\/v2\/product\/17626"}],"collection":[{"href":"https:\/\/www.arcsolu.com\/index.php\/wp-json\/wp\/v2\/product"}],"about":[{"href":"https:\/\/www.arcsolu.com\/index.php\/wp-json\/wp\/v2\/types\/product"}],"replies":[{"embeddable":true,"href":"https:\/\/www.arcsolu.com\/index.php\/wp-json\/wp\/v2\/comments?post=17626"}],"wp:featuredmedia":[{"embeddable":true,"href":"https:\/\/www.arcsolu.com\/index.php\/wp-json\/wp\/v2\/media\/17627"}],"wp:attachment":[{"href":"https:\/\/www.arcsolu.com\/index.php\/wp-json\/wp\/v2\/media?parent=17626"}],"curies":[{"name":"wp","href":"https:\/\/api.w.org\/{rel}","templated":true}]}}