{"id":17622,"date":"2018-10-17T14:50:34","date_gmt":"2018-10-17T12:50:34","guid":{"rendered":"http:\/\/s505328592.onlinehome.fr\/?post_type=product&#038;p=17622"},"modified":"2018-12-07T12:04:04","modified_gmt":"2018-12-07T11:04:04","slug":"lecteur-code-barres-fixe","status":"publish","type":"product","link":"https:\/\/www.arcsolu.com\/index.php\/product\/lecteur-code-barres-fixe\/","title":{"rendered":"Lecteur code-barres fix\u00e9"},"content":{"rendered":"<p>Ce lecteur vertical \u00e0 mini-connecteur mains libres accro\u00eet la Productivit\u00e9. Son \u00e9ventail impressionnant de fonctions permet la lecture performante de codes haute densit\u00e9 et s&#8217;adapte ais\u00e9ment \u00e0 tout bo\u00eetier existant dans des commerces de d\u00e9tail qui vendent de petits objets en grande quantit\u00e9. Chaque lecteur est fourni par d\u00e9faut avec une antenne RF EAS int\u00e9gr\u00e9e, le syst\u00e8me Checkpoint et le verrouillage Sensormatic et peut \u00eatre mis \u00e0 niveau pour Flash. Le lecteur laser en mode pr\u00e9sentation Solaris 7820 est fourni avec plusieurs interfaces pour prot\u00e9ger votre infrastructure et assurer la compatibilit\u00e9 avec la plupart des syst\u00e8mes POS. Lit des codes \u00e0 barres d&#8217;une taille allant jusqu&#8217;\u00e0 5\u00a0mil dans un format mains libres compact.<\/p>\n<p>&nbsp;<\/p>\n<p><strong>Lecture des codes \u00e0 barres 5 mil :\u00a0<\/strong>d\u00e9codage dynamique des codes \u00e0 barres haute densit\u00e9 et optimisations des proc\u00e9dures d\u2019enregistrement.<\/p>\n<p><strong>Plusieurs interfaces :<\/strong>\u00a0protection de l\u2019infrastructure et compatibilit\u00e9 garantie avec la plupart des syst\u00e8mes de points de vente.<\/p>\n<p><strong>Indicateur de diagnostic :<\/strong>\u00a0possibilit\u00e9 de d\u00e9pannage rapide et diminution des temps d\u2019arr\u00eat.<\/p>\n<p><strong>Alimentation en \u00e9nergie \u00e0 partir de l\u2019h\u00f4te, via USB ou ports s\u00e9rie (12 V) :<\/strong>\u00a0r\u00e9duction de l\u2019espace n\u00e9cessaire et des co\u00fbts gr\u00e2ce \u00e0 une diminution du nombre de c\u00e2bles.<\/p>\n","protected":false},"excerpt":{"rendered":"<p>Ce lecteur vertical \u00e0 mini-connecteur mains l&#8230;<\/p>\n","protected":false},"featured_media":17623,"comment_status":"open","ping_status":"closed","template":"","meta":[],"_links":{"self":[{"href":"https:\/\/www.arcsolu.com\/index.php\/wp-json\/wp\/v2\/product\/17622"}],"collection":[{"href":"https:\/\/www.arcsolu.com\/index.php\/wp-json\/wp\/v2\/product"}],"about":[{"href":"https:\/\/www.arcsolu.com\/index.php\/wp-json\/wp\/v2\/types\/product"}],"replies":[{"embeddable":true,"href":"https:\/\/www.arcsolu.com\/index.php\/wp-json\/wp\/v2\/comments?post=17622"}],"wp:featuredmedia":[{"embeddable":true,"href":"https:\/\/www.arcsolu.com\/index.php\/wp-json\/wp\/v2\/media\/17623"}],"wp:attachment":[{"href":"https:\/\/www.arcsolu.com\/index.php\/wp-json\/wp\/v2\/media?parent=17622"}],"curies":[{"name":"wp","href":"https:\/\/api.w.org\/{rel}","templated":true}]}}