{"id":17614,"date":"2018-10-17T14:44:15","date_gmt":"2018-10-17T12:44:15","guid":{"rendered":"http:\/\/s505328592.onlinehome.fr\/?post_type=product&#038;p=17614"},"modified":"2018-12-07T12:03:32","modified_gmt":"2018-12-07T11:03:32","slug":"balance-15kg","status":"publish","type":"product","link":"https:\/\/www.arcsolu.com\/index.php\/product\/balance-15kg\/","title":{"rendered":"Balance 15kg"},"content":{"rendered":"<p>Balance de commerce sans imprimante performante, robuste et avanc\u00e9e.<br \/>\nla balance sans ticket la plus compl\u00e8te.<br \/>\nPr\u00e9vue pour travailler en magasin comme en ext\u00e9rieur sur les march\u00e9s.<\/p>\n<p>Cette\u00a0cumule le chiffre d&#8217;affaire pour une meilleure gestion de votre activit\u00e9 commerciale.<\/p>\n<p>Clavier 49 touches dont 16 touches pour appeler les articles.<\/p>\n<p>Gr\u00e2ce \u00e0 sa sortie RS232 cette balance est aussi de type check-out pour connecter \u00e0 une caisse enregistreuse pour d\u00e9terminer le prix pour les fruits et l\u00e9gumes<\/p>\n<p>Sp\u00e9cifications :<\/p>\n<p>Batterie :\u00a0Balance autonome et secteur, batterie interne\u00a0d&#8217;une autonomie de 150 h.<br \/>\nDimensions Plateau :\u00a0330 X 260 mm\u00a0 &#8211; INOX<br \/>\nAfficheur :\u00a0Double affichage avant et arri\u00e8re, LCD sur fond bleu.<br \/>\nPrix unitaire au kilo ou au 100g<br \/>\nFonction\u00a0check out<br \/>\nConnexion\u00a0RS 232 port S\u00e9rie<\/p>\n","protected":false},"excerpt":{"rendered":"<p>Balance de commerce sans imprimante performan&#8230;<\/p>\n","protected":false},"featured_media":17615,"comment_status":"open","ping_status":"closed","template":"","meta":[],"_links":{"self":[{"href":"https:\/\/www.arcsolu.com\/index.php\/wp-json\/wp\/v2\/product\/17614"}],"collection":[{"href":"https:\/\/www.arcsolu.com\/index.php\/wp-json\/wp\/v2\/product"}],"about":[{"href":"https:\/\/www.arcsolu.com\/index.php\/wp-json\/wp\/v2\/types\/product"}],"replies":[{"embeddable":true,"href":"https:\/\/www.arcsolu.com\/index.php\/wp-json\/wp\/v2\/comments?post=17614"}],"wp:featuredmedia":[{"embeddable":true,"href":"https:\/\/www.arcsolu.com\/index.php\/wp-json\/wp\/v2\/media\/17615"}],"wp:attachment":[{"href":"https:\/\/www.arcsolu.com\/index.php\/wp-json\/wp\/v2\/media?parent=17614"}],"curies":[{"name":"wp","href":"https:\/\/api.w.org\/{rel}","templated":true}]}}