{"id":17603,"date":"2018-10-17T14:27:20","date_gmt":"2018-10-17T12:27:20","guid":{"rendered":"http:\/\/s505328592.onlinehome.fr\/?post_type=product&#038;p=17603"},"modified":"2018-12-07T11:58:49","modified_gmt":"2018-12-07T10:58:49","slug":"imprimante-ticket","status":"publish","type":"product","link":"https:\/\/www.arcsolu.com\/index.php\/product\/imprimante-ticket\/","title":{"rendered":"Imprimante Ticket"},"content":{"rendered":"<ol>\n<li>Simple et\u00e9l\u00e9gant en apparence, les parties internes importantes en mat\u00e9riel m\u00e9tallique.<\/li>\n<li>Chargement de papier facile, avec coupeur automatique, coupe pleine\/coupe partielle<\/li>\n<li>Impression \u00e0 haute vitesse (300mm\/s) , changement rapide des provisions<\/li>\n<li>Coupeur de papier automatique, alarme de \u2018plus de papier\u2019.<\/li>\n<li>Interfaces multiples facultatives: Parall\u00e8le, en s\u00e9rie, USB, Ethernet<\/li>\n<li>Capteur de fin de papier<\/li>\n<li>Bruit bas, impression \u00e0 grande vitesse des graphiques.<\/li>\n<li>Largement employ\u00e9 dans la cuisine, la r\u00e9ception et d&#8217;autres endroits<\/li>\n<\/ol>\n<p><strong>Sp\u00e9cifications:<\/strong><\/p>\n<ul>\n<li>Couleur : Noire<\/li>\n<li>Interfaces :\u00a0Serial+ USB<\/li>\n<li>Poids :\u00a01.5kg<\/li>\n<li>Dimensions :\u00a0200\u00d7145\u00d7142mm<\/li>\n<\/ul>\n","protected":false},"excerpt":{"rendered":"<p>Simple et\u00e9l\u00e9gant en apparence, les parties in&#8230;<\/p>\n","protected":false},"featured_media":17590,"comment_status":"open","ping_status":"closed","template":"","meta":[],"_links":{"self":[{"href":"https:\/\/www.arcsolu.com\/index.php\/wp-json\/wp\/v2\/product\/17603"}],"collection":[{"href":"https:\/\/www.arcsolu.com\/index.php\/wp-json\/wp\/v2\/product"}],"about":[{"href":"https:\/\/www.arcsolu.com\/index.php\/wp-json\/wp\/v2\/types\/product"}],"replies":[{"embeddable":true,"href":"https:\/\/www.arcsolu.com\/index.php\/wp-json\/wp\/v2\/comments?post=17603"}],"wp:featuredmedia":[{"embeddable":true,"href":"https:\/\/www.arcsolu.com\/index.php\/wp-json\/wp\/v2\/media\/17590"}],"wp:attachment":[{"href":"https:\/\/www.arcsolu.com\/index.php\/wp-json\/wp\/v2\/media?parent=17603"}],"curies":[{"name":"wp","href":"https:\/\/api.w.org\/{rel}","templated":true}]}}