{"id":17595,"date":"2018-10-17T13:56:34","date_gmt":"2018-10-17T11:56:34","guid":{"rendered":"http:\/\/s505328592.onlinehome.fr\/?post_type=product&#038;p=17595"},"modified":"2018-12-07T11:57:47","modified_gmt":"2018-12-07T10:57:47","slug":"mini-unite-centrale","status":"publish","type":"product","link":"https:\/\/www.arcsolu.com\/index.php\/product\/mini-unite-centrale\/","title":{"rendered":"Mini Unit\u00e9 Centrale"},"content":{"rendered":"<p>Ce PC est dot\u00e9 du processeur Intel Celeron J3355 \u00ab Apollo Lake \u00bb. Le contr\u00f4leur graphique int\u00e9gr\u00e9 est l&#8217;Intel HD Graphics 500 (Gen. 9) offrant une vitesse adapt\u00e9e \u00e0 l&#8217;encodage\/d\u00e9codage de vid\u00e9os 4K avec les codecs H.265 et VP9. En plus du disque SSD, le syst\u00e8me sans ventilateur est extr\u00eamement silencieux et adapt\u00e9 au fonctionnement permanent<\/p>\n<p>&nbsp;<\/p>\n<p>&nbsp;<\/p>\n<ul>\n<li>CPU : Intel Celeron J3355<\/li>\n<li>Taille install\u00e9e : 0 Mo &#8211; 8 Go (maximum)<\/li>\n<li>Processeur graphique : Intel HD Graphics 500<\/li>\n<li>Interfaces : 1 x microphone &#8211; mini-jack (1 \u00e0 l&#8217;avant), 1 x sortie de ligne audio &#8211; mini-jack (1 \u00e0 l&#8217;avant), 1 x DisplayPort, 1 x HDMI, 1 x LAN (Gigabit Ethernet), 4 x USB 2.0, 2 x s\u00e9rie, 2 x USB 3.0 (2 \u00e0 l&#8217;avant), 1 x clavier &#8211; souris PS-2<\/li>\n<li>Syst\u00e8me d&#8217;exploitation fourni : Aucun syst\u00e8me d&#8217;exploitation fourni<\/li>\n<li>Lecteur de carte<\/li>\n<\/ul>\n","protected":false},"excerpt":{"rendered":"<ul>\n<li>CPU : Intel Celeron J3355<\/li>\n<li>Taille install\u00e9e : 0 Mo &#8211; 8 Go (maximum)<\/li>\n<li>Processeur graphique : Intel HD Graphics 500<\/li>\n<li>Interfaces : 1 x microphone &#8211; mini-jack (1 \u00e0 l&#8217;avant), 1 x sortie de ligne audio &#8211; mini-jack (1 \u00e0 l&#8217;avant), 1 x DisplayPort, 1 x HDMI, 1 x LAN (Gigabit Ethernet), 4 x USB 2.0, 2 x s\u00e9rie, 2 x USB 3.0 (2 \u00e0 l&#8217;avant), 1 x clavier &#8211; souris PS-2<\/li>\n<li>Syst\u00e8me d&#8217;exploitation fourni : Aucun syst\u00e8me d&#8217;exploitation fourni<\/li>\n<li>Lecteur de carte<\/li>\n<\/ul>\n","protected":false},"featured_media":17596,"comment_status":"open","ping_status":"closed","template":"","meta":[],"_links":{"self":[{"href":"https:\/\/www.arcsolu.com\/index.php\/wp-json\/wp\/v2\/product\/17595"}],"collection":[{"href":"https:\/\/www.arcsolu.com\/index.php\/wp-json\/wp\/v2\/product"}],"about":[{"href":"https:\/\/www.arcsolu.com\/index.php\/wp-json\/wp\/v2\/types\/product"}],"replies":[{"embeddable":true,"href":"https:\/\/www.arcsolu.com\/index.php\/wp-json\/wp\/v2\/comments?post=17595"}],"wp:featuredmedia":[{"embeddable":true,"href":"https:\/\/www.arcsolu.com\/index.php\/wp-json\/wp\/v2\/media\/17596"}],"wp:attachment":[{"href":"https:\/\/www.arcsolu.com\/index.php\/wp-json\/wp\/v2\/media?parent=17595"}],"curies":[{"name":"wp","href":"https:\/\/api.w.org\/{rel}","templated":true}]}}