{"id":17001,"date":"2018-09-25T08:09:43","date_gmt":"2018-09-25T06:09:43","guid":{"rendered":"http:\/\/s505328592.onlinehome.fr\/?post_type=product&#038;p=17001"},"modified":"2018-12-07T12:06:41","modified_gmt":"2018-12-07T11:06:41","slug":"arcresto-g","status":"publish","type":"product","link":"https:\/\/www.arcsolu.com\/index.php\/product\/arcresto-g\/","title":{"rendered":"Arcresto-G"},"content":{"rendered":"<p style=\"text-align: left\"><b>Le logiciel ArcRESTO<\/b><\/p>\n<ul style=\"text-align: left\">\n<li style=\"font-weight: 400\"><span style=\"font-weight: 400\">Notre logiciel comprends les fonctions de vente sur place, vente \u00e0 emporter, et vente en livraison.<\/span><\/li>\n<li style=\"font-weight: 400\"><span style=\"font-weight: 400\">Une fonction Plan pour la livraison, un mode traiteur avec balance, \u00a0un mode r\u00e9glement multipaiement, remise, facture, option de plat, choix menu, plan de salle, gestion personnel, statistique (jours, mois), stock &#8230;<\/span><\/li>\n<li style=\"font-weight: 400\"><span style=\"font-weight: 400\">En option peuvent \u00eatre int\u00e9grer les cartes de fid\u00e9lit\u00e9, code barre, imprimante cuisine et bar, r\u00e9seaux avec gestion multicaisse et gestion multimagasin&#8230;<\/span><\/li>\n<li style=\"font-weight: 400\"><span style=\"font-weight: 400\">Un logiciel avec une vrai gestion professionnel simple et efficace.<\/span><\/li>\n<\/ul>\n<p style=\"text-align: left\">\n","protected":false},"excerpt":{"rendered":"<p>Le logiciel ArcRESTO Notre logiciel comprends&#8230;<\/p>\n","protected":false},"featured_media":16996,"comment_status":"open","ping_status":"closed","template":"","meta":[],"_links":{"self":[{"href":"https:\/\/www.arcsolu.com\/index.php\/wp-json\/wp\/v2\/product\/17001"}],"collection":[{"href":"https:\/\/www.arcsolu.com\/index.php\/wp-json\/wp\/v2\/product"}],"about":[{"href":"https:\/\/www.arcsolu.com\/index.php\/wp-json\/wp\/v2\/types\/product"}],"replies":[{"embeddable":true,"href":"https:\/\/www.arcsolu.com\/index.php\/wp-json\/wp\/v2\/comments?post=17001"}],"wp:featuredmedia":[{"embeddable":true,"href":"https:\/\/www.arcsolu.com\/index.php\/wp-json\/wp\/v2\/media\/16996"}],"wp:attachment":[{"href":"https:\/\/www.arcsolu.com\/index.php\/wp-json\/wp\/v2\/media?parent=17001"}],"curies":[{"name":"wp","href":"https:\/\/api.w.org\/{rel}","templated":true}]}}