{"id":16805,"date":"2018-09-18T08:03:03","date_gmt":"2018-09-18T06:03:03","guid":{"rendered":"http:\/\/s505328592.onlinehome.fr\/?post_type=product&#038;p=16805"},"modified":"2020-08-03T15:56:24","modified_gmt":"2020-08-03T13:56:24","slug":"ventap-v-1-3","status":"publish","type":"product","link":"https:\/\/www.arcsolu.com\/index.php\/product\/ventap-v-1-3\/","title":{"rendered":"VENTAP  LUX"},"content":{"rendered":"<p>Inclus Afficheur Client,Imprimante Ticket<\/p>\n<p style=\"text-align: left\"><span style=\"font-weight: 400\"><strong>VENTAP<\/strong> solution d\u2019encaissement tout-en-un porte la certification NF525. Vous pouvez encaisser vos clients en 100% s\u00e9curit\u00e9 et d\u2019une utilisation absolument simple. En \u00e9quipant ce logiciel, vous r\u00e9alisez la gestion des commandes, la gestion des articles, la gestion des statistiques, la gestion du syst\u00e8me et la gestion du personnel sans aucun soucis. Ce logiciel est conforme aux nouvelles r\u00e8glementations financi\u00e8res qui seront en vigueur \u00e0 partir du 1 janvier 2018.<\/span><\/p>\n<p style=\"text-align: left\"><span style=\"font-weight: 400\"><strong>VENTAP 1.0<\/strong> solution d\u2019encaissement tout-en-un est la derni\u00e8re g\u00e9n\u00e9ration de produit \u00e9tudi\u00e9e et cr\u00e9\u00e9e par ARCSOLU. Ce syst\u00e8me d\u2019encaissement porte la certification de NF525 et r\u00e9pond aux nouvelles normes fiscales. Design \u00e9l\u00e9gant et d\u2019utilisation simple, ce TPV vous permet de g\u00e9rer les commandes et les encaissements \u00e0 l\u2019aise. Il comprends aussi des fonctions de management riches et puissantes: Mode \u00e9cole, statistiques journali\u00e8res, mensuelles et annuelles, gestion des articles, gestion d\u2019acc\u00e8s du personnel, gestion des tva ect.<\/span><\/p>\n<ul style=\"text-align: left\">\n<li style=\"font-weight: 400\"><span style=\"font-weight: 400\">Afficheur client lumineux et tr\u00e8s lisible<\/span><\/li>\n<li style=\"font-weight: 400\"><span style=\"font-weight: 400\">Basse consommation de puissance, \u00e9conomie d\u2019\u00e9nergie,<\/span><\/li>\n<li style=\"font-weight: 400\"><span style=\"font-weight: 400\">Imprimante ticket int\u00e9gr\u00e9e avec module changeable<\/span><\/li>\n<li style=\"font-weight: 400\"><span style=\"font-weight: 400\">\u00c9cran tactile sensible \u00e0 haute d\u00e9finition<\/span><\/li>\n<li style=\"font-weight: 400\"><span style=\"font-weight: 400\">Option d\u2019impression de ticket de cuisine<\/span><\/li>\n<li style=\"font-weight: 400\"><span style=\"font-weight: 400\">Gestion de livraison<\/span><\/li>\n<li style=\"font-weight: 400\"><span style=\"font-weight: 400\">Option de sauvegarde des donn\u00e9es sous service Cloud<\/span><\/li>\n<li style=\"font-weight: 400\"><span style=\"font-weight: 400\">Version bilingue (fran\u00e7ais, chinois)<\/span><\/li>\n<\/ul>\n<p style=\"text-align: left\">\n","protected":false},"excerpt":{"rendered":"<p><strong>POS TERMINAL:<\/strong><\/p>\n<ul>\n<li style=\"text-align: left\"><span style=\"font-weight: 400\">15&#8243;TFT Fanfree terminal,<\/span><span style=\"font-weight: 400\"><br \/>\n<\/span><\/li>\n<li style=\"text-align: left\"><span style=\"font-weight: 400\">PCT Touch ,<\/span><span style=\"font-weight: 400\"><br \/>\n<\/span><\/li>\n<li style=\"text-align: left\"><span style=\"font-weight: 400\">Intel Bay Trail- D J1900 2.0-2.42G CPU,<\/span><span style=\"font-weight: 400\"><br \/>\n<\/span><\/li>\n<li style=\"text-align: left\"><span style=\"font-weight: 400\">2 G Ram (DDR3L x 2),<\/span><span style=\"font-weight: 400\"><br \/>\n<\/span><\/li>\n<li style=\"text-align: left\"><span style=\"font-weight: 400\">320 GB HDD<\/span><\/li>\n<\/ul>\n<p>\u00a0<\/p>\n","protected":false},"featured_media":17961,"comment_status":"open","ping_status":"closed","template":"","meta":[],"_links":{"self":[{"href":"https:\/\/www.arcsolu.com\/index.php\/wp-json\/wp\/v2\/product\/16805"}],"collection":[{"href":"https:\/\/www.arcsolu.com\/index.php\/wp-json\/wp\/v2\/product"}],"about":[{"href":"https:\/\/www.arcsolu.com\/index.php\/wp-json\/wp\/v2\/types\/product"}],"replies":[{"embeddable":true,"href":"https:\/\/www.arcsolu.com\/index.php\/wp-json\/wp\/v2\/comments?post=16805"}],"wp:featuredmedia":[{"embeddable":true,"href":"https:\/\/www.arcsolu.com\/index.php\/wp-json\/wp\/v2\/media\/17961"}],"wp:attachment":[{"href":"https:\/\/www.arcsolu.com\/index.php\/wp-json\/wp\/v2\/media?parent=16805"}],"curies":[{"name":"wp","href":"https:\/\/api.w.org\/{rel}","templated":true}]}}